{"id":1236,"date":"2023-10-08T23:49:12","date_gmt":"2023-10-09T04:49:12","guid":{"rendered":"https:\/\/guerrero.hazcontacto.com\/?page_id=1236"},"modified":"2023-10-15T22:55:49","modified_gmt":"2023-10-16T03:55:49","slug":"public-affairs","status":"publish","type":"page","link":"https:\/\/guerrero.hazcontacto.com\/es\/public-affairs\/","title":{"rendered":"Public Affairs"},"content":{"rendered":"\t\t<div data-elementor-type=\"wp-page\" data-elementor-id=\"1236\" class=\"elementor elementor-1236\" data-elementor-post-type=\"page\">\n\t\t\t\t\t\t\t<div class=\"elementor-element elementor-element-24b1a6d e-con-full e-flex e-con e-parent\" data-id=\"24b1a6d\" data-element_type=\"container\" data-settings=\"{&quot;content_width&quot;:&quot;full&quot;,&quot;background_background&quot;:&quot;classic&quot;,&quot;jet_parallax_layout_list&quot;:[]}\" data-core-v316-plus=\"true\">\n\t\t\t\t<div class=\"elementor-element elementor-element-00765a1 elementor-invisible elementor-widget elementor-widget-heading\" data-id=\"00765a1\" data-element_type=\"widget\" data-settings=\"{&quot;_animation&quot;:&quot;fadeInDown&quot;,&quot;_animation_delay&quot;:500}\" data-widget_type=\"heading.default\">\n\t\t\t\t<div class=\"elementor-widget-container\">\n\t\t\t<style>\/*! elementor - v3.16.0 - 09-10-2023 *\/\n.elementor-heading-title{padding:0;margin:0;line-height:1}.elementor-widget-heading .elementor-heading-title[class*=elementor-size-]>a{color:inherit;font-size:inherit;line-height:inherit}.elementor-widget-heading .elementor-heading-title.elementor-size-small{font-size:15px}.elementor-widget-heading .elementor-heading-title.elementor-size-medium{font-size:19px}.elementor-widget-heading .elementor-heading-title.elementor-size-large{font-size:29px}.elementor-widget-heading .elementor-heading-title.elementor-size-xl{font-size:39px}.elementor-widget-heading .elementor-heading-title.elementor-size-xxl{font-size:59px}<\/style><h1 class=\"elementor-heading-title elementor-size-default\">Public Affairs<\/h1>\t\t<\/div>\n\t\t\t\t<\/div>\n\t\t\t\t<\/div>\n\t\t<div class=\"elementor-element elementor-element-daeee98 e-con-full e-flex e-con e-parent\" data-id=\"daeee98\" data-element_type=\"container\" data-settings=\"{&quot;content_width&quot;:&quot;full&quot;,&quot;background_background&quot;:&quot;classic&quot;,&quot;jet_parallax_layout_list&quot;:[]}\" data-core-v316-plus=\"true\">\n\t\t\t\t<div class=\"elementor-element elementor-element-86297f2 elementor-tabs-view-horizontal elementor-widget elementor-widget-tp-tabs-tours\" data-id=\"86297f2\" data-element_type=\"widget\" id=\"tabs-servicios\" data-widget_type=\"tp-tabs-tours.default\">\n\t\t\t\t<div class=\"elementor-widget-container\">\n\t\t\t<div class=\"theplus-tabs-wrapper  tp-tab-arrow-show tp-tab-arrow-in elementor-tabs     tp-swiper-center-mode  \" id=\"tabs69e1927a7e8ed\" data-tabs-id=\"tabs69e1927a7e8ed\"  data-connection=\"\"   data-tab-default=\"0\" data-tab-hover=\"no\"data-swiper-loop =''data-swiper-centermode =''  role=\"tablist\"><div class=\"theplus-tabs-nav-wrapper elementor-tabs-wrapper text-left    tpc-top tpc-horizontal  swiper-container tp-swiper-slide-mode\"><ul class=\"plus-tabs-nav   full-width    swiper-wrapper\"><li class=\"swiper-slide\"><div id=\"elementor-tab-title-1401\" class=\"elementor-tab-title elementor-tab-desktop-title plus-tab-header \" data-tab=\"1\" tabindex=\"1401\" role=\"tab\" aria-controls=\"elementor-tab-content-1401\"><span class=\"tab-icon-wrap\" aria-hidden=\"true\"><img decoding=\"async\" width=\"1920\" height=\"700\" src=\"https:\/\/guerrero.hazcontacto.com\/wp-content\/uploads\/2023\/10\/FONDO-01-7.jpg\" class=\"tab-icon tab-icon-image\" alt=\"\" srcset=\"https:\/\/guerrero.hazcontacto.com\/wp-content\/uploads\/2023\/10\/FONDO-01-7.jpg 1920w, https:\/\/guerrero.hazcontacto.com\/wp-content\/uploads\/2023\/10\/FONDO-01-7-300x109.jpg 300w, https:\/\/guerrero.hazcontacto.com\/wp-content\/uploads\/2023\/10\/FONDO-01-7-1024x373.jpg 1024w, https:\/\/guerrero.hazcontacto.com\/wp-content\/uploads\/2023\/10\/FONDO-01-7-768x280.jpg 768w, https:\/\/guerrero.hazcontacto.com\/wp-content\/uploads\/2023\/10\/FONDO-01-7-1536x560.jpg 1536w\" sizes=\"(max-width: 1920px) 100vw, 1920px\" \/><\/span><span>Public Affairs<\/span><div class=\"tp-tab-title-description\">Con un equipo de especialistas, Guerrero & Santana asesora equipos ejecutivos...<\/div><\/div><\/li><\/ul><div class=\"tp-swiper-button tp-swiper-button-next\"><i aria-hidden=\"true\" class=\"fas fa-chevron-right\"><\/i><\/div><div class=\"tp-swiper-button tp-swiper-button-prev\"><i aria-hidden=\"true\" class=\"fas fa-chevron-left\"><\/i><\/div><\/div><div class=\"theplus-tabs-content-wrapper  elementor-tabs-content-wrapper\"><div class=\"elementor-tab-title elementor-tab-mobile-title text-left \" tabindex=\"1401\" data-tab=\"1\" role=\"tab\"><span class=\"tab-icon-wrap\" aria-hidden=\"true\"><img decoding=\"async\" width=\"1920\" height=\"700\" src=\"https:\/\/guerrero.hazcontacto.com\/wp-content\/uploads\/2023\/10\/FONDO-01-7.jpg\" class=\"tab-icon tab-icon-image\" alt=\"\" srcset=\"https:\/\/guerrero.hazcontacto.com\/wp-content\/uploads\/2023\/10\/FONDO-01-7.jpg 1920w, https:\/\/guerrero.hazcontacto.com\/wp-content\/uploads\/2023\/10\/FONDO-01-7-300x109.jpg 300w, https:\/\/guerrero.hazcontacto.com\/wp-content\/uploads\/2023\/10\/FONDO-01-7-1024x373.jpg 1024w, https:\/\/guerrero.hazcontacto.com\/wp-content\/uploads\/2023\/10\/FONDO-01-7-768x280.jpg 768w, https:\/\/guerrero.hazcontacto.com\/wp-content\/uploads\/2023\/10\/FONDO-01-7-1536x560.jpg 1536w\" sizes=\"(max-width: 1920px) 100vw, 1920px\" \/><\/span><span>Public Affairs<\/span><div class=\"tp-tab-title-description\">Con un equipo de especialistas, Guerrero & Santana asesora equipos ejecutivos...<\/div><\/div><div class=\"elementor-tab-content elementor-clearfix plus-tab-content\" data-tab=\"1\" role=\"tabpanel\"><div class=\"plus-content-editor\">\t\t<div data-elementor-type=\"section\" data-elementor-id=\"1232\" class=\"elementor elementor-1232\" data-elementor-post-type=\"elementor_library\">\n\t\t\t\t\t\t<div class=\"elementor-element elementor-element-7570aa9 e-flex e-con-boxed e-con e-parent\" data-id=\"7570aa9\" data-element_type=\"container\" data-settings=\"{&quot;background_background&quot;:&quot;classic&quot;,&quot;jet_parallax_layout_list&quot;:[],&quot;content_width&quot;:&quot;boxed&quot;}\" data-core-v316-plus=\"true\">\n\t\t\t\t\t<div class=\"e-con-inner\">\n\t\t<div class=\"elementor-element elementor-element-57e367b e-flex e-con-boxed elementor-invisible e-con e-child\" data-id=\"57e367b\" data-element_type=\"container\" data-settings=\"{&quot;jet_parallax_layout_list&quot;:[],&quot;animation&quot;:&quot;fadeInUp&quot;,&quot;enabled_visibility&quot;:&quot;yes&quot;,&quot;content_width&quot;:&quot;boxed&quot;,&quot;dce_visibility_selected&quot;:&quot;yes&quot;}\">\n\t\t\t\t\t<div class=\"e-con-inner\">\n\t\t\t\t<div class=\"elementor-element elementor-element-83965c3 elementor-widget elementor-widget-heading\" data-id=\"83965c3\" data-element_type=\"widget\" data-widget_type=\"heading.default\">\n\t\t\t\t<div class=\"elementor-widget-container\">\n\t\t\t<h2 class=\"elementor-heading-title elementor-size-default\">Public Affairs<\/h2>\t\t<\/div>\n\t\t\t\t<\/div>\n\t\t\t\t<div class=\"elementor-element elementor-element-63e3ad3 elementor-widget-divider--view-line elementor-widget elementor-widget-divider\" data-id=\"63e3ad3\" data-element_type=\"widget\" data-widget_type=\"divider.default\">\n\t\t\t\t<div class=\"elementor-widget-container\">\n\t\t\t<style>\/*! elementor - v3.16.0 - 09-10-2023 *\/\n.elementor-widget-divider{--divider-border-style:none;--divider-border-width:1px;--divider-color:#0c0d0e;--divider-icon-size:20px;--divider-element-spacing:10px;--divider-pattern-height:24px;--divider-pattern-size:20px;--divider-pattern-url:none;--divider-pattern-repeat:repeat-x}.elementor-widget-divider .elementor-divider{display:flex}.elementor-widget-divider .elementor-divider__text{font-size:15px;line-height:1;max-width:95%}.elementor-widget-divider .elementor-divider__element{margin:0 var(--divider-element-spacing);flex-shrink:0}.elementor-widget-divider .elementor-icon{font-size:var(--divider-icon-size)}.elementor-widget-divider .elementor-divider-separator{display:flex;margin:0;direction:ltr}.elementor-widget-divider--view-line_icon .elementor-divider-separator,.elementor-widget-divider--view-line_text .elementor-divider-separator{align-items:center}.elementor-widget-divider--view-line_icon .elementor-divider-separator:after,.elementor-widget-divider--view-line_icon .elementor-divider-separator:before,.elementor-widget-divider--view-line_text .elementor-divider-separator:after,.elementor-widget-divider--view-line_text .elementor-divider-separator:before{display:block;content:\"\";border-bottom:0;flex-grow:1;border-top:var(--divider-border-width) var(--divider-border-style) var(--divider-color)}.elementor-widget-divider--element-align-left .elementor-divider .elementor-divider-separator>.elementor-divider__svg:first-of-type{flex-grow:0;flex-shrink:100}.elementor-widget-divider--element-align-left .elementor-divider-separator:before{content:none}.elementor-widget-divider--element-align-left .elementor-divider__element{margin-left:0}.elementor-widget-divider--element-align-right .elementor-divider .elementor-divider-separator>.elementor-divider__svg:last-of-type{flex-grow:0;flex-shrink:100}.elementor-widget-divider--element-align-right .elementor-divider-separator:after{content:none}.elementor-widget-divider--element-align-right .elementor-divider__element{margin-right:0}.elementor-widget-divider:not(.elementor-widget-divider--view-line_text):not(.elementor-widget-divider--view-line_icon) .elementor-divider-separator{border-top:var(--divider-border-width) var(--divider-border-style) var(--divider-color)}.elementor-widget-divider--separator-type-pattern{--divider-border-style:none}.elementor-widget-divider--separator-type-pattern.elementor-widget-divider--view-line .elementor-divider-separator,.elementor-widget-divider--separator-type-pattern:not(.elementor-widget-divider--view-line) .elementor-divider-separator:after,.elementor-widget-divider--separator-type-pattern:not(.elementor-widget-divider--view-line) .elementor-divider-separator:before,.elementor-widget-divider--separator-type-pattern:not([class*=elementor-widget-divider--view]) .elementor-divider-separator{width:100%;min-height:var(--divider-pattern-height);-webkit-mask-size:var(--divider-pattern-size) 100%;mask-size:var(--divider-pattern-size) 100%;-webkit-mask-repeat:var(--divider-pattern-repeat);mask-repeat:var(--divider-pattern-repeat);background-color:var(--divider-color);-webkit-mask-image:var(--divider-pattern-url);mask-image:var(--divider-pattern-url)}.elementor-widget-divider--no-spacing{--divider-pattern-size:auto}.elementor-widget-divider--bg-round{--divider-pattern-repeat:round}.rtl .elementor-widget-divider .elementor-divider__text{direction:rtl}.e-con-inner>.elementor-widget-divider,.e-con>.elementor-widget-divider{width:var(--container-widget-width,100%);--flex-grow:var(--container-widget-flex-grow)}<\/style>\t\t<div class=\"elementor-divider\">\n\t\t\t<span class=\"elementor-divider-separator\">\n\t\t\t\t\t\t<\/span>\n\t\t<\/div>\n\t\t\t\t<\/div>\n\t\t\t\t<\/div>\n\t\t\t\t<div class=\"elementor-element elementor-element-34977f0 elementor-widget elementor-widget-text-editor\" data-id=\"34977f0\" data-element_type=\"widget\" data-widget_type=\"text-editor.default\">\n\t\t\t\t<div class=\"elementor-widget-container\">\n\t\t\t<style>\/*! elementor - v3.16.0 - 09-10-2023 *\/\n.elementor-widget-text-editor.elementor-drop-cap-view-stacked .elementor-drop-cap{background-color:#69727d;color:#fff}.elementor-widget-text-editor.elementor-drop-cap-view-framed .elementor-drop-cap{color:#69727d;border:3px solid;background-color:transparent}.elementor-widget-text-editor:not(.elementor-drop-cap-view-default) .elementor-drop-cap{margin-top:8px}.elementor-widget-text-editor:not(.elementor-drop-cap-view-default) .elementor-drop-cap-letter{width:1em;height:1em}.elementor-widget-text-editor .elementor-drop-cap{float:left;text-align:center;line-height:1;font-size:50px}.elementor-widget-text-editor .elementor-drop-cap-letter{display:inline-block}<\/style>\t\t\t\t<p>Con un equipo de especialistas, Guerrero &amp; Santana asesora equipos ejecutivos, juntas de directivos y asesores de relaciones legales, financieras y p\u00fablicas; en el apalancamiento de relaciones p\u00fablicas y relaciones gubernamentales para alcanzar las demandas de la realidad pol\u00edtica mexicana. Ayudamos a clientes con las agendas de sus accionistas, entregando resultados y protegiendo su m\u00e9rito.<\/p><p>\u00a0<\/p><p>Hemos ayudado a compa\u00f1\u00edas a expandirse en M\u00e9xico, dise\u00f1ando estrategias, desarrollando procedimientos gubernamentales y consultando y asesorando a compa\u00f1\u00edas en sus relaciones p\u00fablicas.<\/p><p>\u00a0<\/p><p>Explicamos pol\u00edticas organizacionales y puntos de vista sobre las pol\u00edticas p\u00fablicas mexicanas. Guerrero &amp; Santana provee informaci\u00f3n estad\u00edstica y real y enfatizamos en problemas que puedan impactar a la habilidad de la organizaci\u00f3n para operar de manera eficaz.<\/p><p>\u00a0<\/p><p>Asistiendo clientes proveyendo servicios de relaciones p\u00fablicas y gubernamentales entre M\u00e9xico y otros pa\u00edses, proporcionamos uno de los mayores niveles en accionistas gubernamentales, empresariales y no gubernamentales.<\/p><p>\u00a0<\/p><p><strong>OBTENEMOS CADA UNO DE LOS DIFERENTES OBJETIVOS DE NUESTROS CLIENTES A TRAV\u00c9S DE:<\/strong><\/p><p>\u00a0<\/p><p>Dise\u00f1o e implementaci\u00f3n de estrategias de relaciones p\u00fablicas, relacionadas a pol\u00edticas p\u00fablicas, cuestiones pol\u00edticas y procesos de licencias.<\/p><p>\u00a0<\/p><p>Dise\u00f1o e implementaci\u00f3n de estrategias de relaciones p\u00fablicas, relacionadas a pol\u00edticas p\u00fablicas, cuestiones pol\u00edticas y procesos de licencias.<\/p><p>\u00a0<\/p><p>Desarrollo y mantenimiento de relaciones con accionistas externos.<\/p>\t\t\t\t\t\t<\/div>\n\t\t\t\t<\/div>\n\t\t\t\t\t<\/div>\n\t\t\t\t<\/div>\n\t\t<div class=\"elementor-element elementor-element-a4872d3 e-flex e-con-boxed elementor-invisible e-con e-child\" data-id=\"a4872d3\" data-element_type=\"container\" data-settings=\"{&quot;background_background&quot;:&quot;classic&quot;,&quot;jet_parallax_layout_list&quot;:[],&quot;animation&quot;:&quot;fadeIn&quot;,&quot;content_width&quot;:&quot;boxed&quot;}\">\n\t\t\t\t\t<div class=\"e-con-inner\">\n\t\t\t\t\t<\/div>\n\t\t\t\t<\/div>\n\t\t\t\t\t<\/div>\n\t\t\t\t<\/div>\n\t\t\t\t\t\t<\/div>\n\t\t<\/div><\/div><\/div><\/div>\t\t<\/div>\n\t\t\t\t<\/div>\n\t\t\t\t<\/div>\n\t\t<div class=\"elementor-element elementor-element-5bce8d4 e-flex e-con-boxed e-con e-parent\" data-id=\"5bce8d4\" data-element_type=\"container\" data-settings=\"{&quot;jet_parallax_layout_list&quot;:[],&quot;content_width&quot;:&quot;boxed&quot;}\" data-core-v316-plus=\"true\">\n\t\t\t\t\t<div class=\"e-con-inner\">\n\t\t\t\t<div class=\"elementor-element elementor-element-3b4da06 elementor-widget elementor-widget-heading\" data-id=\"3b4da06\" data-element_type=\"widget\" data-widget_type=\"heading.default\">\n\t\t\t\t<div class=\"elementor-widget-container\">\n\t\t\t<h2 class=\"elementor-heading-title elementor-size-default\">Nuestros expertos en la materia<\/h2>\t\t<\/div>\n\t\t\t\t<\/div>\n\t\t\t\t<div class=\"elementor-element elementor-element-6a195ef elementor-widget elementor-widget-jet-listing-grid\" data-id=\"6a195ef\" data-element_type=\"widget\" data-settings=\"{&quot;columns&quot;:&quot;5&quot;,&quot;columns_mobile&quot;:&quot;1&quot;}\" data-widget_type=\"jet-listing-grid.default\">\n\t\t\t\t<div class=\"elementor-widget-container\">\n\t\t\t<div class=\"jet-listing-grid jet-listing\"><div class=\"jet-listing-not-found jet-listing-grid__items\" data-nav=\"{&quot;enabled&quot;:false,&quot;type&quot;:null,&quot;more_el&quot;:null,&quot;query&quot;:[],&quot;widget_settings&quot;:{&quot;lisitng_id&quot;:1090,&quot;posts_num&quot;:20,&quot;columns&quot;:5,&quot;columns_tablet&quot;:5,&quot;columns_mobile&quot;:1,&quot;is_archive_template&quot;:&quot;&quot;,&quot;post_status&quot;:[&quot;publish&quot;],&quot;use_random_posts_num&quot;:&quot;&quot;,&quot;max_posts_num&quot;:9,&quot;not_found_message&quot;:&quot;Sin datos&quot;,&quot;is_masonry&quot;:false,&quot;equal_columns_height&quot;:&quot;&quot;,&quot;use_load_more&quot;:&quot;&quot;,&quot;load_more_id&quot;:&quot;&quot;,&quot;load_more_type&quot;:&quot;click&quot;,&quot;load_more_offset&quot;:{&quot;unit&quot;:&quot;px&quot;,&quot;size&quot;:0,&quot;sizes&quot;:[]},&quot;use_custom_post_types&quot;:&quot;&quot;,&quot;custom_post_types&quot;:[],&quot;hide_widget_if&quot;:&quot;&quot;,&quot;carousel_enabled&quot;:&quot;yes&quot;,&quot;slides_to_scroll&quot;:&quot;1&quot;,&quot;arrows&quot;:&quot;true&quot;,&quot;arrow_icon&quot;:&quot;fa fa-angle-left&quot;,&quot;dots&quot;:&quot;&quot;,&quot;autoplay&quot;:&quot;true&quot;,&quot;autoplay_speed&quot;:5000,&quot;infinite&quot;:&quot;true&quot;,&quot;center_mode&quot;:&quot;&quot;,&quot;effect&quot;:&quot;slide&quot;,&quot;speed&quot;:500,&quot;inject_alternative_items&quot;:&quot;&quot;,&quot;injection_items&quot;:[],&quot;scroll_slider_enabled&quot;:&quot;&quot;,&quot;scroll_slider_on&quot;:[&quot;desktop&quot;,&quot;tablet&quot;,&quot;mobile&quot;],&quot;custom_query&quot;:false,&quot;custom_query_id&quot;:&quot;&quot;,&quot;_element_id&quot;:&quot;&quot;}}\" >Sin datos<\/div><\/div>\t\t<\/div>\n\t\t\t\t<\/div>\n\t\t\t\t\t<\/div>\n\t\t\t\t<\/div>\n\t\t<div class=\"elementor-element elementor-element-591c2e9 e-flex e-con-boxed e-con e-parent\" data-id=\"591c2e9\" data-element_type=\"container\" data-settings=\"{&quot;jet_parallax_layout_list&quot;:[],&quot;content_width&quot;:&quot;boxed&quot;}\" data-core-v316-plus=\"true\">\n\t\t\t\t\t<div class=\"e-con-inner\">\n\t\t\t\t<div class=\"elementor-element elementor-element-0a0f20b elementor-widget elementor-widget-heading\" data-id=\"0a0f20b\" data-element_type=\"widget\" data-widget_type=\"heading.default\">\n\t\t\t\t<div class=\"elementor-widget-container\">\n\t\t\t<h2 class=\"elementor-heading-title elementor-size-default\">Art\u00edculos relacionados<\/h2>\t\t<\/div>\n\t\t\t\t<\/div>\n\t\t\t\t<div class=\"elementor-element elementor-element-88ca350 elementor-widget-divider--view-line elementor-widget elementor-widget-divider\" data-id=\"88ca350\" data-element_type=\"widget\" data-widget_type=\"divider.default\">\n\t\t\t\t<div class=\"elementor-widget-container\">\n\t\t\t\t\t<div class=\"elementor-divider\">\n\t\t\t<span class=\"elementor-divider-separator\">\n\t\t\t\t\t\t<\/span>\n\t\t<\/div>\n\t\t\t\t<\/div>\n\t\t\t\t<\/div>\n\t\t\t\t<div class=\"elementor-element elementor-element-c922813 elementor-widget elementor-widget-jet-listing-grid\" data-id=\"c922813\" data-element_type=\"widget\" data-settings=\"{&quot;columns&quot;:&quot;4&quot;,&quot;columns_mobile&quot;:&quot;1&quot;}\" data-widget_type=\"jet-listing-grid.default\">\n\t\t\t\t<div class=\"elementor-widget-container\">\n\t\t\t<div class=\"jet-listing-grid jet-listing\"><div class=\"jet-listing-not-found jet-listing-grid__items\" data-nav=\"{&quot;enabled&quot;:false,&quot;type&quot;:null,&quot;more_el&quot;:null,&quot;query&quot;:[],&quot;widget_settings&quot;:{&quot;lisitng_id&quot;:231,&quot;posts_num&quot;:6,&quot;columns&quot;:4,&quot;columns_tablet&quot;:4,&quot;columns_mobile&quot;:1,&quot;is_archive_template&quot;:&quot;&quot;,&quot;post_status&quot;:[&quot;publish&quot;],&quot;use_random_posts_num&quot;:&quot;&quot;,&quot;max_posts_num&quot;:9,&quot;not_found_message&quot;:&quot;Sin art\\u00edculos&quot;,&quot;is_masonry&quot;:false,&quot;equal_columns_height&quot;:&quot;&quot;,&quot;use_load_more&quot;:&quot;&quot;,&quot;load_more_id&quot;:&quot;&quot;,&quot;load_more_type&quot;:&quot;click&quot;,&quot;load_more_offset&quot;:{&quot;unit&quot;:&quot;px&quot;,&quot;size&quot;:0,&quot;sizes&quot;:[]},&quot;use_custom_post_types&quot;:&quot;&quot;,&quot;custom_post_types&quot;:[],&quot;hide_widget_if&quot;:&quot;&quot;,&quot;carousel_enabled&quot;:&quot;yes&quot;,&quot;slides_to_scroll&quot;:&quot;1&quot;,&quot;arrows&quot;:&quot;true&quot;,&quot;arrow_icon&quot;:&quot;fa fa-angle-left&quot;,&quot;dots&quot;:&quot;&quot;,&quot;autoplay&quot;:&quot;true&quot;,&quot;autoplay_speed&quot;:5000,&quot;infinite&quot;:&quot;true&quot;,&quot;center_mode&quot;:&quot;&quot;,&quot;effect&quot;:&quot;slide&quot;,&quot;speed&quot;:500,&quot;inject_alternative_items&quot;:&quot;&quot;,&quot;injection_items&quot;:[],&quot;scroll_slider_enabled&quot;:&quot;&quot;,&quot;scroll_slider_on&quot;:[&quot;desktop&quot;,&quot;tablet&quot;,&quot;mobile&quot;],&quot;custom_query&quot;:false,&quot;custom_query_id&quot;:&quot;&quot;,&quot;_element_id&quot;:&quot;&quot;}}\" >Sin art\u00edculos<\/div><\/div>\t\t<\/div>\n\t\t\t\t<\/div>\n\t\t\t\t<div class=\"elementor-element elementor-element-8dd5412 elementor-widget elementor-widget-html\" data-id=\"8dd5412\" data-element_type=\"widget\" data-widget_type=\"html.default\">\n\t\t\t\t<div class=\"elementor-widget-container\">\n\t\t\t<script>\n$ = jQuery;\njQuery( document ).ready(function() {\n    function handleAction() {\n        \/\/ Buscar el elemento hijo de tipo img dentro del li\n        var imagenSrc = $(this).find('img').attr('src');\n        \n        \/\/ Suponiendo que el elemento del que deseas obtener el background-image tiene una clase llamada 'elemento'\n        var backgroundImage = $('.theplus-tabs-nav-wrapper').css('background-image');\n    \n        \/\/ Extraer la URL pura del valor devuelto\n        var imageUrl = backgroundImage.replace(\/(url\\(|\\)|'|\")\/g, ''); \/\/ Remueve 'url(', ')', comillas simples y dobles\n    \n        var $destino = $('.theplus-tabs-nav-wrapper');\n        \n        if(imagenSrc){\n            $destino.fadeOut(250, function() {\n                $destino.css('background-image', 'url('https:\/\/guerrero.hazcontacto.com\/wp-content\/uploads\/2023\/10\/FONDO-01-7.jpg')').fadeIn(250);\n            });\n        }\/*else {\n             $destino.fadeOut(250, function() {\n                $destino.css('background-image', 'url(' + imageUrl + ')').fadeIn(250);\n            });\n        }*\/\n        \/\/ Fade out, cambiar fondo, y luego fade in\n        \n    }\n\n    \/\/ Escucha el evento click, mouseenter y touchstart en cada elemento li de la lista\n    $('ul.plus-tabs-nav li').on('click mouseenter touchstart', handleAction);\n});\n<\/script>\n<style>\n.tab-icon-wrap {\n    visibility: hidden;\n    position: absolute !important;\n    left: -100%;\n}\n.theplus-tabs-nav-wrapper {\n    background-image: url('https:\/\/guerrero.hazcontacto.com\/wp-content\/uploads\/2023\/10\/FONDO-01-7.jpg');\n    height: 50vh !important;\n    \/* Hace que la imagen cubra completamente el \u00e1rea del elemento *\/\n    background-size: cover;\n    \/* Alinea la imagen en la parte superior y centrada horizontalmente *\/\n    background-position: center top;\n    \/* Duraci\u00f3n de la transici\u00f3n *\/\n    transition: background 0.5s ease;\n}\n<\/style>\t\t<\/div>\n\t\t\t\t<\/div>\n\t\t\t\t\t<\/div>\n\t\t\t\t<\/div>\n\t\t\t\t\t\t\t<\/div>\n\t\t","protected":false},"excerpt":{"rendered":"<p>Public Affairs Public AffairsCon un equipo de especialistas, Guerrero &#038; Santana asesora equipos ejecutivos&#8230; Public AffairsCon un equipo de especialistas, Guerrero &#038; Santana asesora equipos ejecutivos&#8230; Public Affairs Con un equipo de especialistas, Guerrero &amp; Santana asesora equipos ejecutivos, juntas de directivos y asesores de relaciones legales, financieras y p\u00fablicas; en el apalancamiento de relaciones [&hellip;]<\/p>\n","protected":false},"author":1,"featured_media":0,"parent":0,"menu_order":0,"comment_status":"closed","ping_status":"closed","template":"","meta":{"_seopress_robots_primary_cat":"","footnotes":""},"class_list":["post-1236","page","type-page","status-publish","hentry"],"_links":{"self":[{"href":"https:\/\/guerrero.hazcontacto.com\/es\/wp-json\/wp\/v2\/pages\/1236","targetHints":{"allow":["GET"]}}],"collection":[{"href":"https:\/\/guerrero.hazcontacto.com\/es\/wp-json\/wp\/v2\/pages"}],"about":[{"href":"https:\/\/guerrero.hazcontacto.com\/es\/wp-json\/wp\/v2\/types\/page"}],"author":[{"embeddable":true,"href":"https:\/\/guerrero.hazcontacto.com\/es\/wp-json\/wp\/v2\/users\/1"}],"replies":[{"embeddable":true,"href":"https:\/\/guerrero.hazcontacto.com\/es\/wp-json\/wp\/v2\/comments?post=1236"}],"version-history":[{"count":21,"href":"https:\/\/guerrero.hazcontacto.com\/es\/wp-json\/wp\/v2\/pages\/1236\/revisions"}],"predecessor-version":[{"id":2560,"href":"https:\/\/guerrero.hazcontacto.com\/es\/wp-json\/wp\/v2\/pages\/1236\/revisions\/2560"}],"wp:attachment":[{"href":"https:\/\/guerrero.hazcontacto.com\/es\/wp-json\/wp\/v2\/media?parent=1236"}],"curies":[{"name":"wp","href":"https:\/\/api.w.org\/{rel}","templated":true}]}}